{"id":58,"date":"2020-01-28T14:32:41","date_gmt":"2020-01-28T13:32:41","guid":{"rendered":"https:\/\/mistercool.org\/?page_id=58"},"modified":"2025-03-04T23:19:18","modified_gmt":"2025-03-04T22:19:18","slug":"climatisation-froid-06","status":"publish","type":"page","link":"https:\/\/mistercool.org\/index.php\/climatisation-froid-06\/","title":{"rendered":"Climatisation &#038; Froid"},"content":{"rendered":"\t\t<div data-elementor-type=\"wp-page\" data-elementor-id=\"58\" class=\"elementor elementor-58\">\n\t\t\t\t\t\t<section class=\"elementor-section elementor-top-section elementor-element elementor-element-4b7ff76 elementor-section-boxed elementor-section-height-default elementor-section-height-default\" data-id=\"4b7ff76\" data-element_type=\"section\" data-e-type=\"section\">\n\t\t\t\t\t\t<div class=\"elementor-container elementor-column-gap-default\">\n\t\t\t\t\t<div class=\"elementor-column elementor-col-100 elementor-top-column elementor-element elementor-element-36f5d8f\" data-id=\"36f5d8f\" data-element_type=\"column\" data-e-type=\"column\">\n\t\t\t<div class=\"elementor-widget-wrap elementor-element-populated\">\n\t\t\t\t\t\t<div class=\"elementor-element elementor-element-99c0f74 elementor-widget elementor-widget-text-editor\" data-id=\"99c0f74\" data-element_type=\"widget\" data-e-type=\"widget\" data-widget_type=\"text-editor.default\">\n\t\t\t\t<div class=\"elementor-widget-container\">\n\t\t\t\t\t\t\t\t\t<p>Trop chaud l&rsquo;\u00e9t\u00e9, trop froid l&rsquo;hiver, il est temps de songer \u00e0 une solution confortable et \u00e9conomique.<\/p><p>Vous songez \u00e0 investir sur un \u00e9quipement de climatisation r\u00e9versible mais ne savez pas quoi choisir?<\/p><p>Votre \u00e9quipement actuel de climatisation est v\u00e9tuste ou ne fonctionne par correctement?<\/p><p>Votre groupe de froid fait des siennes?<\/p><p>N&rsquo;h\u00e9sitez pas \u00e0 prendre <a href=\"https:\/\/mistercool.org\/index.php\/contact-climatisation-06\/\">contact<\/a> pour conseil, devis ou d\u00e9pannage.<\/p>\t\t\t\t\t\t\t\t<\/div>\n\t\t\t\t<\/div>\n\t\t\t\t\t<\/div>\n\t\t<\/div>\n\t\t\t\t\t<\/div>\n\t\t<\/section>\n\t\t\t\t<section class=\"elementor-section elementor-top-section elementor-element elementor-element-1643568 elementor-section-boxed elementor-section-height-default elementor-section-height-default\" data-id=\"1643568\" data-element_type=\"section\" data-e-type=\"section\">\n\t\t\t\t\t\t<div class=\"elementor-container elementor-column-gap-default\">\n\t\t\t\t\t<div class=\"elementor-column elementor-col-100 elementor-top-column elementor-element elementor-element-8744f43\" data-id=\"8744f43\" data-element_type=\"column\" data-e-type=\"column\">\n\t\t\t<div class=\"elementor-widget-wrap elementor-element-populated\">\n\t\t\t\t\t\t<div class=\"elementor-element elementor-element-b9e8d24 elementor-widget-divider--view-line elementor-widget elementor-widget-divider\" data-id=\"b9e8d24\" data-element_type=\"widget\" data-e-type=\"widget\" data-widget_type=\"divider.default\">\n\t\t\t\t<div class=\"elementor-widget-container\">\n\t\t\t\t\t\t\t<div class=\"elementor-divider\">\n\t\t\t<span class=\"elementor-divider-separator\">\n\t\t\t\t\t\t<\/span>\n\t\t<\/div>\n\t\t\t\t\t\t<\/div>\n\t\t\t\t<\/div>\n\t\t\t\t\t<\/div>\n\t\t<\/div>\n\t\t\t\t\t<\/div>\n\t\t<\/section>\n\t\t\t\t<section class=\"elementor-section elementor-top-section elementor-element elementor-element-781314d elementor-section-boxed elementor-section-height-default elementor-section-height-default\" data-id=\"781314d\" data-element_type=\"section\" data-e-type=\"section\">\n\t\t\t\t\t\t<div class=\"elementor-container elementor-column-gap-default\">\n\t\t\t\t\t<div class=\"elementor-column elementor-col-50 elementor-top-column elementor-element elementor-element-07c67a1\" data-id=\"07c67a1\" data-element_type=\"column\" data-e-type=\"column\">\n\t\t\t<div class=\"elementor-widget-wrap elementor-element-populated\">\n\t\t\t\t\t\t<div class=\"elementor-element elementor-element-10dbe53 elementor-widget elementor-widget-text-editor\" data-id=\"10dbe53\" data-element_type=\"widget\" data-e-type=\"widget\" data-widget_type=\"text-editor.default\">\n\t\t\t\t<div class=\"elementor-widget-container\">\n\t\t\t\t\t\t\t\t\t<p style=\"text-align: center;\"><a href=\"https:\/\/mistercool.org\/index.php\/installations\/\">Quelques vues des installations<\/a><\/p>\t\t\t\t\t\t\t\t<\/div>\n\t\t\t\t<\/div>\n\t\t\t\t\t<\/div>\n\t\t<\/div>\n\t\t\t\t<div class=\"elementor-column elementor-col-50 elementor-top-column elementor-element elementor-element-c900a6b\" data-id=\"c900a6b\" data-element_type=\"column\" data-e-type=\"column\">\n\t\t\t<div class=\"elementor-widget-wrap elementor-element-populated\">\n\t\t\t\t\t\t<div class=\"elementor-element elementor-element-7b5b8c4 elementor-widget elementor-widget-text-editor\" data-id=\"7b5b8c4\" data-element_type=\"widget\" data-e-type=\"widget\" data-widget_type=\"text-editor.default\">\n\t\t\t\t<div class=\"elementor-widget-container\">\n\t\t\t\t\t\t\t\t\t<p style=\"text-align: center;\"><a href=\"https:\/\/mistercool.org\/index.php\/ils-ont-donne-leur-avis\/\">Ils ont donn\u00e9 leur avis<\/a><\/p>\t\t\t\t\t\t\t\t<\/div>\n\t\t\t\t<\/div>\n\t\t\t\t\t<\/div>\n\t\t<\/div>\n\t\t\t\t\t<\/div>\n\t\t<\/section>\n\t\t\t\t<\/div>\n\t\t","protected":false},"excerpt":{"rendered":"<p>Trop chaud l&rsquo;\u00e9t\u00e9, trop froid l&rsquo;hiver, il est temps de songer \u00e0 une solution confortable et \u00e9conomique. Vous songez \u00e0 investir sur un \u00e9quipement de climatisation r\u00e9versible mais ne savez pas quoi choisir? Votre \u00e9quipement actuel de climatisation est v\u00e9tuste ou ne fonctionne par correctement? Votre groupe de froid fait des siennes? N&rsquo;h\u00e9sitez pas \u00e0 [&hellip;]<\/p>\n","protected":false},"author":1,"featured_media":82,"parent":0,"menu_order":0,"comment_status":"closed","ping_status":"closed","template":"","meta":{"footnotes":""},"class_list":["post-58","page","type-page","status-publish","has-post-thumbnail","hentry"],"yoast_head":"<!-- This site is optimized with the Yoast SEO plugin v24.5 - https:\/\/yoast.com\/wordpress\/plugins\/seo\/ -->\n<title>Climatisation &amp; Froid - Climatisation et Froid 06<\/title>\n<meta name=\"robots\" content=\"index, follow, max-snippet:-1, max-image-preview:large, max-video-preview:-1\" \/>\n<link rel=\"canonical\" href=\"https:\/\/mistercool.org\/index.php\/climatisation-froid-06\/\" \/>\n<meta property=\"og:locale\" content=\"fr_FR\" \/>\n<meta property=\"og:type\" content=\"article\" \/>\n<meta property=\"og:title\" content=\"Climatisation &amp; Froid - Climatisation et Froid 06\" \/>\n<meta property=\"og:description\" content=\"Trop chaud l&rsquo;\u00e9t\u00e9, trop froid l&rsquo;hiver, il est temps de songer \u00e0 une solution confortable et \u00e9conomique. Vous songez \u00e0 investir sur un \u00e9quipement de climatisation r\u00e9versible mais ne savez pas quoi choisir? Votre \u00e9quipement actuel de climatisation est v\u00e9tuste ou ne fonctionne par correctement? Votre groupe de froid fait des siennes? N&rsquo;h\u00e9sitez pas \u00e0 [&hellip;]\" \/>\n<meta property=\"og:url\" content=\"https:\/\/mistercool.org\/index.php\/climatisation-froid-06\/\" \/>\n<meta property=\"og:site_name\" content=\"Climatisation et Froid 06\" \/>\n<meta property=\"article:modified_time\" content=\"2025-03-04T22:19:18+00:00\" \/>\n<meta property=\"og:image\" content=\"https:\/\/mistercool.org\/wp-content\/uploads\/2020\/01\/AdobeStock_174251626-scaled.jpeg\" \/>\n\t<meta property=\"og:image:width\" content=\"2560\" \/>\n\t<meta property=\"og:image:height\" content=\"1076\" \/>\n\t<meta property=\"og:image:type\" content=\"image\/jpeg\" \/>\n<meta name=\"twitter:card\" content=\"summary_large_image\" \/>\n<meta name=\"twitter:label1\" content=\"Dur\u00e9e de lecture estim\u00e9e\" \/>\n\t<meta name=\"twitter:data1\" content=\"1 minute\" \/>\n<script type=\"application\/ld+json\" class=\"yoast-schema-graph\">{\"@context\":\"https:\/\/schema.org\",\"@graph\":[{\"@type\":\"WebPage\",\"@id\":\"https:\/\/mistercool.org\/index.php\/climatisation-froid-06\/\",\"url\":\"https:\/\/mistercool.org\/index.php\/climatisation-froid-06\/\",\"name\":\"Climatisation & Froid - Climatisation et Froid 06\",\"isPartOf\":{\"@id\":\"https:\/\/mistercool.org\/#website\"},\"primaryImageOfPage\":{\"@id\":\"https:\/\/mistercool.org\/index.php\/climatisation-froid-06\/#primaryimage\"},\"image\":{\"@id\":\"https:\/\/mistercool.org\/index.php\/climatisation-froid-06\/#primaryimage\"},\"thumbnailUrl\":\"https:\/\/mistercool.org\/wp-content\/uploads\/2020\/01\/AdobeStock_174251626-scaled.jpeg\",\"datePublished\":\"2020-01-28T13:32:41+00:00\",\"dateModified\":\"2025-03-04T22:19:18+00:00\",\"breadcrumb\":{\"@id\":\"https:\/\/mistercool.org\/index.php\/climatisation-froid-06\/#breadcrumb\"},\"inLanguage\":\"fr-FR\",\"potentialAction\":[{\"@type\":\"ReadAction\",\"target\":[\"https:\/\/mistercool.org\/index.php\/climatisation-froid-06\/\"]}]},{\"@type\":\"ImageObject\",\"inLanguage\":\"fr-FR\",\"@id\":\"https:\/\/mistercool.org\/index.php\/climatisation-froid-06\/#primaryimage\",\"url\":\"https:\/\/mistercool.org\/wp-content\/uploads\/2020\/01\/AdobeStock_174251626-scaled.jpeg\",\"contentUrl\":\"https:\/\/mistercool.org\/wp-content\/uploads\/2020\/01\/AdobeStock_174251626-scaled.jpeg\",\"width\":2560,\"height\":1076,\"caption\":\"Winter snow background.Snowflake Closeup.\"},{\"@type\":\"BreadcrumbList\",\"@id\":\"https:\/\/mistercool.org\/index.php\/climatisation-froid-06\/#breadcrumb\",\"itemListElement\":[{\"@type\":\"ListItem\",\"position\":1,\"name\":\"Accueil\",\"item\":\"https:\/\/mistercool.org\/\"},{\"@type\":\"ListItem\",\"position\":2,\"name\":\"Climatisation &#038; Froid\"}]},{\"@type\":\"WebSite\",\"@id\":\"https:\/\/mistercool.org\/#website\",\"url\":\"https:\/\/mistercool.org\/\",\"name\":\"Mister Cool Climatisation et Froid 06\",\"description\":\"Un climaticien cool\",\"publisher\":{\"@id\":\"https:\/\/mistercool.org\/#organization\"},\"potentialAction\":[{\"@type\":\"SearchAction\",\"target\":{\"@type\":\"EntryPoint\",\"urlTemplate\":\"https:\/\/mistercool.org\/?s={search_term_string}\"},\"query-input\":{\"@type\":\"PropertyValueSpecification\",\"valueRequired\":true,\"valueName\":\"search_term_string\"}}],\"inLanguage\":\"fr-FR\"},{\"@type\":\"Organization\",\"@id\":\"https:\/\/mistercool.org\/#organization\",\"name\":\"MISTER COOL\",\"url\":\"https:\/\/mistercool.org\/\",\"logo\":{\"@type\":\"ImageObject\",\"inLanguage\":\"fr-FR\",\"@id\":\"https:\/\/mistercool.org\/#\/schema\/logo\/image\/\",\"url\":\"https:\/\/mistercool.org\/wp-content\/uploads\/2020\/01\/Logo-Mister-Cool_fond-transparent1.png\",\"contentUrl\":\"https:\/\/mistercool.org\/wp-content\/uploads\/2020\/01\/Logo-Mister-Cool_fond-transparent1.png\",\"width\":1005,\"height\":651,\"caption\":\"MISTER COOL\"},\"image\":{\"@id\":\"https:\/\/mistercool.org\/#\/schema\/logo\/image\/\"}}]}<\/script>\n<!-- \/ Yoast SEO plugin. -->","yoast_head_json":{"title":"Climatisation & Froid - Climatisation et Froid 06","robots":{"index":"index","follow":"follow","max-snippet":"max-snippet:-1","max-image-preview":"max-image-preview:large","max-video-preview":"max-video-preview:-1"},"canonical":"https:\/\/mistercool.org\/index.php\/climatisation-froid-06\/","og_locale":"fr_FR","og_type":"article","og_title":"Climatisation & Froid - Climatisation et Froid 06","og_description":"Trop chaud l&rsquo;\u00e9t\u00e9, trop froid l&rsquo;hiver, il est temps de songer \u00e0 une solution confortable et \u00e9conomique. Vous songez \u00e0 investir sur un \u00e9quipement de climatisation r\u00e9versible mais ne savez pas quoi choisir? Votre \u00e9quipement actuel de climatisation est v\u00e9tuste ou ne fonctionne par correctement? Votre groupe de froid fait des siennes? N&rsquo;h\u00e9sitez pas \u00e0 [&hellip;]","og_url":"https:\/\/mistercool.org\/index.php\/climatisation-froid-06\/","og_site_name":"Climatisation et Froid 06","article_modified_time":"2025-03-04T22:19:18+00:00","og_image":[{"width":2560,"height":1076,"url":"https:\/\/mistercool.org\/wp-content\/uploads\/2020\/01\/AdobeStock_174251626-scaled.jpeg","type":"image\/jpeg"}],"twitter_card":"summary_large_image","twitter_misc":{"Dur\u00e9e de lecture estim\u00e9e":"1 minute"},"schema":{"@context":"https:\/\/schema.org","@graph":[{"@type":"WebPage","@id":"https:\/\/mistercool.org\/index.php\/climatisation-froid-06\/","url":"https:\/\/mistercool.org\/index.php\/climatisation-froid-06\/","name":"Climatisation & Froid - Climatisation et Froid 06","isPartOf":{"@id":"https:\/\/mistercool.org\/#website"},"primaryImageOfPage":{"@id":"https:\/\/mistercool.org\/index.php\/climatisation-froid-06\/#primaryimage"},"image":{"@id":"https:\/\/mistercool.org\/index.php\/climatisation-froid-06\/#primaryimage"},"thumbnailUrl":"https:\/\/mistercool.org\/wp-content\/uploads\/2020\/01\/AdobeStock_174251626-scaled.jpeg","datePublished":"2020-01-28T13:32:41+00:00","dateModified":"2025-03-04T22:19:18+00:00","breadcrumb":{"@id":"https:\/\/mistercool.org\/index.php\/climatisation-froid-06\/#breadcrumb"},"inLanguage":"fr-FR","potentialAction":[{"@type":"ReadAction","target":["https:\/\/mistercool.org\/index.php\/climatisation-froid-06\/"]}]},{"@type":"ImageObject","inLanguage":"fr-FR","@id":"https:\/\/mistercool.org\/index.php\/climatisation-froid-06\/#primaryimage","url":"https:\/\/mistercool.org\/wp-content\/uploads\/2020\/01\/AdobeStock_174251626-scaled.jpeg","contentUrl":"https:\/\/mistercool.org\/wp-content\/uploads\/2020\/01\/AdobeStock_174251626-scaled.jpeg","width":2560,"height":1076,"caption":"Winter snow background.Snowflake Closeup."},{"@type":"BreadcrumbList","@id":"https:\/\/mistercool.org\/index.php\/climatisation-froid-06\/#breadcrumb","itemListElement":[{"@type":"ListItem","position":1,"name":"Accueil","item":"https:\/\/mistercool.org\/"},{"@type":"ListItem","position":2,"name":"Climatisation &#038; Froid"}]},{"@type":"WebSite","@id":"https:\/\/mistercool.org\/#website","url":"https:\/\/mistercool.org\/","name":"Mister Cool Climatisation et Froid 06","description":"Un climaticien cool","publisher":{"@id":"https:\/\/mistercool.org\/#organization"},"potentialAction":[{"@type":"SearchAction","target":{"@type":"EntryPoint","urlTemplate":"https:\/\/mistercool.org\/?s={search_term_string}"},"query-input":{"@type":"PropertyValueSpecification","valueRequired":true,"valueName":"search_term_string"}}],"inLanguage":"fr-FR"},{"@type":"Organization","@id":"https:\/\/mistercool.org\/#organization","name":"MISTER COOL","url":"https:\/\/mistercool.org\/","logo":{"@type":"ImageObject","inLanguage":"fr-FR","@id":"https:\/\/mistercool.org\/#\/schema\/logo\/image\/","url":"https:\/\/mistercool.org\/wp-content\/uploads\/2020\/01\/Logo-Mister-Cool_fond-transparent1.png","contentUrl":"https:\/\/mistercool.org\/wp-content\/uploads\/2020\/01\/Logo-Mister-Cool_fond-transparent1.png","width":1005,"height":651,"caption":"MISTER COOL"},"image":{"@id":"https:\/\/mistercool.org\/#\/schema\/logo\/image\/"}}]}},"_links":{"self":[{"href":"https:\/\/mistercool.org\/index.php\/wp-json\/wp\/v2\/pages\/58","targetHints":{"allow":["GET"]}}],"collection":[{"href":"https:\/\/mistercool.org\/index.php\/wp-json\/wp\/v2\/pages"}],"about":[{"href":"https:\/\/mistercool.org\/index.php\/wp-json\/wp\/v2\/types\/page"}],"author":[{"embeddable":true,"href":"https:\/\/mistercool.org\/index.php\/wp-json\/wp\/v2\/users\/1"}],"replies":[{"embeddable":true,"href":"https:\/\/mistercool.org\/index.php\/wp-json\/wp\/v2\/comments?post=58"}],"version-history":[{"count":38,"href":"https:\/\/mistercool.org\/index.php\/wp-json\/wp\/v2\/pages\/58\/revisions"}],"predecessor-version":[{"id":595,"href":"https:\/\/mistercool.org\/index.php\/wp-json\/wp\/v2\/pages\/58\/revisions\/595"}],"wp:featuredmedia":[{"embeddable":true,"href":"https:\/\/mistercool.org\/index.php\/wp-json\/wp\/v2\/media\/82"}],"wp:attachment":[{"href":"https:\/\/mistercool.org\/index.php\/wp-json\/wp\/v2\/media?parent=58"}],"curies":[{"name":"wp","href":"https:\/\/api.w.org\/{rel}","templated":true}]}}