{"id":61,"date":"2020-01-28T14:39:35","date_gmt":"2020-01-28T13:39:35","guid":{"rendered":"https:\/\/mistercool.org\/?page_id=61"},"modified":"2020-01-28T16:07:48","modified_gmt":"2020-01-28T15:07:48","slug":"informatique-06","status":"publish","type":"page","link":"https:\/\/mistercool.org\/index.php\/informatique-06\/","title":{"rendered":"Informatique"},"content":{"rendered":"\t\t<div data-elementor-type=\"wp-page\" data-elementor-id=\"61\" class=\"elementor elementor-61\">\n\t\t\t\t\t\t<section class=\"elementor-section elementor-top-section elementor-element elementor-element-5ac072a elementor-section-boxed elementor-section-height-default elementor-section-height-default\" data-id=\"5ac072a\" data-element_type=\"section\" data-e-type=\"section\">\n\t\t\t\t\t\t<div class=\"elementor-container elementor-column-gap-default\">\n\t\t\t\t\t<div class=\"elementor-column elementor-col-33 elementor-top-column elementor-element elementor-element-92a36a8\" data-id=\"92a36a8\" data-element_type=\"column\" data-e-type=\"column\">\n\t\t\t<div class=\"elementor-widget-wrap elementor-element-populated\">\n\t\t\t\t\t\t<div class=\"elementor-element elementor-element-318c306 elementor-widget elementor-widget-image\" data-id=\"318c306\" data-element_type=\"widget\" data-e-type=\"widget\" data-widget_type=\"image.default\">\n\t\t\t\t<div class=\"elementor-widget-container\">\n\t\t\t\t\t\t\t\t\t\t\t\t\t\t\t<img fetchpriority=\"high\" decoding=\"async\" width=\"400\" height=\"267\" src=\"https:\/\/mistercool.org\/wp-content\/uploads\/2020\/01\/AdobeStock_247117415_opt.jpg\" class=\"attachment-large size-large wp-image-78\" alt=\"\" srcset=\"https:\/\/mistercool.org\/wp-content\/uploads\/2020\/01\/AdobeStock_247117415_opt.jpg 400w, https:\/\/mistercool.org\/wp-content\/uploads\/2020\/01\/AdobeStock_247117415_opt-300x200.jpg 300w\" sizes=\"(max-width: 400px) 100vw, 400px\" \/>\t\t\t\t\t\t\t\t\t\t\t\t\t\t\t<\/div>\n\t\t\t\t<\/div>\n\t\t\t\t\t<\/div>\n\t\t<\/div>\n\t\t\t\t<div class=\"elementor-column elementor-col-66 elementor-top-column elementor-element elementor-element-bb2106a\" data-id=\"bb2106a\" data-element_type=\"column\" data-e-type=\"column\">\n\t\t\t<div class=\"elementor-widget-wrap elementor-element-populated\">\n\t\t\t\t\t\t<div class=\"elementor-element elementor-element-fa8814e elementor-widget elementor-widget-text-editor\" data-id=\"fa8814e\" data-element_type=\"widget\" data-e-type=\"widget\" data-widget_type=\"text-editor.default\">\n\t\t\t\t<div class=\"elementor-widget-container\">\n\t\t\t\t\t\t\t\t\t<p>Votre ordinateur fonctionne au ralenti, les donn\u00e9es ne sont plus accessibles ?<\/p><p>Vous souhaitez mettre en place des outils de partage de donn\u00e9es pour votre r\u00e9seau local ?<\/p><p>Vous avez d\u00e9cid\u00e9 d&rsquo;opter pour une nouvelle solution informatique et souhaitez un accompagnement au changement ?<\/p><p>\u00a0<\/p><p>N&rsquo;h\u00e9sitez pas \u00e0 prendre contact pour un conseil ou devis d&rsquo;intervention.<\/p>\t\t\t\t\t\t\t\t<\/div>\n\t\t\t\t<\/div>\n\t\t\t\t\t<\/div>\n\t\t<\/div>\n\t\t\t\t\t<\/div>\n\t\t<\/section>\n\t\t\t\t<\/div>\n\t\t","protected":false},"excerpt":{"rendered":"<p>Votre ordinateur fonctionne au ralenti, les donn\u00e9es ne sont plus accessibles ? Vous souhaitez mettre en place des outils de partage de donn\u00e9es pour votre r\u00e9seau local ? Vous avez d\u00e9cid\u00e9 d&rsquo;opter pour une nouvelle solution informatique et souhaitez un accompagnement au changement ? N&rsquo;h\u00e9sitez pas \u00e0 prendre contact pour un conseil ou devis d&rsquo;intervention.<\/p>\n","protected":false},"author":1,"featured_media":80,"parent":0,"menu_order":0,"comment_status":"closed","ping_status":"closed","template":"","meta":{"footnotes":""},"class_list":["post-61","page","type-page","status-publish","has-post-thumbnail","hentry"],"yoast_head":"<!-- This site is optimized with the Yoast SEO plugin v24.5 - https:\/\/yoast.com\/wordpress\/plugins\/seo\/ -->\n<title>Informatique - Climatisation et Froid 06<\/title>\n<meta name=\"robots\" content=\"index, follow, max-snippet:-1, max-image-preview:large, max-video-preview:-1\" \/>\n<link rel=\"canonical\" href=\"https:\/\/mistercool.org\/index.php\/informatique-06\/\" \/>\n<meta property=\"og:locale\" content=\"fr_FR\" \/>\n<meta property=\"og:type\" content=\"article\" \/>\n<meta property=\"og:title\" content=\"Informatique - Climatisation et Froid 06\" \/>\n<meta property=\"og:description\" content=\"Votre ordinateur fonctionne au ralenti, les donn\u00e9es ne sont plus accessibles ? Vous souhaitez mettre en place des outils de partage de donn\u00e9es pour votre r\u00e9seau local ? Vous avez d\u00e9cid\u00e9 d&rsquo;opter pour une nouvelle solution informatique et souhaitez un accompagnement au changement ? N&rsquo;h\u00e9sitez pas \u00e0 prendre contact pour un conseil ou devis d&rsquo;intervention.\" \/>\n<meta property=\"og:url\" content=\"https:\/\/mistercool.org\/index.php\/informatique-06\/\" \/>\n<meta property=\"og:site_name\" content=\"Climatisation et Froid 06\" \/>\n<meta property=\"article:modified_time\" content=\"2020-01-28T15:07:48+00:00\" \/>\n<meta property=\"og:image\" content=\"https:\/\/mistercool.org\/wp-content\/uploads\/2020\/01\/AdobeStock_35397603-scaled.jpeg\" \/>\n\t<meta property=\"og:image:width\" content=\"2560\" \/>\n\t<meta property=\"og:image:height\" content=\"1023\" \/>\n\t<meta property=\"og:image:type\" content=\"image\/jpeg\" \/>\n<meta name=\"twitter:card\" content=\"summary_large_image\" \/>\n<script type=\"application\/ld+json\" class=\"yoast-schema-graph\">{\"@context\":\"https:\/\/schema.org\",\"@graph\":[{\"@type\":\"WebPage\",\"@id\":\"https:\/\/mistercool.org\/index.php\/informatique-06\/\",\"url\":\"https:\/\/mistercool.org\/index.php\/informatique-06\/\",\"name\":\"Informatique - Climatisation et Froid 06\",\"isPartOf\":{\"@id\":\"https:\/\/mistercool.org\/#website\"},\"primaryImageOfPage\":{\"@id\":\"https:\/\/mistercool.org\/index.php\/informatique-06\/#primaryimage\"},\"image\":{\"@id\":\"https:\/\/mistercool.org\/index.php\/informatique-06\/#primaryimage\"},\"thumbnailUrl\":\"https:\/\/mistercool.org\/wp-content\/uploads\/2020\/01\/AdobeStock_35397603-scaled.jpeg\",\"datePublished\":\"2020-01-28T13:39:35+00:00\",\"dateModified\":\"2020-01-28T15:07:48+00:00\",\"breadcrumb\":{\"@id\":\"https:\/\/mistercool.org\/index.php\/informatique-06\/#breadcrumb\"},\"inLanguage\":\"fr-FR\",\"potentialAction\":[{\"@type\":\"ReadAction\",\"target\":[\"https:\/\/mistercool.org\/index.php\/informatique-06\/\"]}]},{\"@type\":\"ImageObject\",\"inLanguage\":\"fr-FR\",\"@id\":\"https:\/\/mistercool.org\/index.php\/informatique-06\/#primaryimage\",\"url\":\"https:\/\/mistercool.org\/wp-content\/uploads\/2020\/01\/AdobeStock_35397603-scaled.jpeg\",\"contentUrl\":\"https:\/\/mistercool.org\/wp-content\/uploads\/2020\/01\/AdobeStock_35397603-scaled.jpeg\",\"width\":2560,\"height\":1023},{\"@type\":\"BreadcrumbList\",\"@id\":\"https:\/\/mistercool.org\/index.php\/informatique-06\/#breadcrumb\",\"itemListElement\":[{\"@type\":\"ListItem\",\"position\":1,\"name\":\"Accueil\",\"item\":\"https:\/\/mistercool.org\/\"},{\"@type\":\"ListItem\",\"position\":2,\"name\":\"Informatique\"}]},{\"@type\":\"WebSite\",\"@id\":\"https:\/\/mistercool.org\/#website\",\"url\":\"https:\/\/mistercool.org\/\",\"name\":\"Mister Cool Climatisation et Froid 06\",\"description\":\"Un climaticien cool\",\"publisher\":{\"@id\":\"https:\/\/mistercool.org\/#organization\"},\"potentialAction\":[{\"@type\":\"SearchAction\",\"target\":{\"@type\":\"EntryPoint\",\"urlTemplate\":\"https:\/\/mistercool.org\/?s={search_term_string}\"},\"query-input\":{\"@type\":\"PropertyValueSpecification\",\"valueRequired\":true,\"valueName\":\"search_term_string\"}}],\"inLanguage\":\"fr-FR\"},{\"@type\":\"Organization\",\"@id\":\"https:\/\/mistercool.org\/#organization\",\"name\":\"MISTER COOL\",\"url\":\"https:\/\/mistercool.org\/\",\"logo\":{\"@type\":\"ImageObject\",\"inLanguage\":\"fr-FR\",\"@id\":\"https:\/\/mistercool.org\/#\/schema\/logo\/image\/\",\"url\":\"https:\/\/mistercool.org\/wp-content\/uploads\/2020\/01\/Logo-Mister-Cool_fond-transparent1.png\",\"contentUrl\":\"https:\/\/mistercool.org\/wp-content\/uploads\/2020\/01\/Logo-Mister-Cool_fond-transparent1.png\",\"width\":1005,\"height\":651,\"caption\":\"MISTER COOL\"},\"image\":{\"@id\":\"https:\/\/mistercool.org\/#\/schema\/logo\/image\/\"}}]}<\/script>\n<!-- \/ Yoast SEO plugin. -->","yoast_head_json":{"title":"Informatique - Climatisation et Froid 06","robots":{"index":"index","follow":"follow","max-snippet":"max-snippet:-1","max-image-preview":"max-image-preview:large","max-video-preview":"max-video-preview:-1"},"canonical":"https:\/\/mistercool.org\/index.php\/informatique-06\/","og_locale":"fr_FR","og_type":"article","og_title":"Informatique - Climatisation et Froid 06","og_description":"Votre ordinateur fonctionne au ralenti, les donn\u00e9es ne sont plus accessibles ? Vous souhaitez mettre en place des outils de partage de donn\u00e9es pour votre r\u00e9seau local ? Vous avez d\u00e9cid\u00e9 d&rsquo;opter pour une nouvelle solution informatique et souhaitez un accompagnement au changement ? N&rsquo;h\u00e9sitez pas \u00e0 prendre contact pour un conseil ou devis d&rsquo;intervention.","og_url":"https:\/\/mistercool.org\/index.php\/informatique-06\/","og_site_name":"Climatisation et Froid 06","article_modified_time":"2020-01-28T15:07:48+00:00","og_image":[{"width":2560,"height":1023,"url":"https:\/\/mistercool.org\/wp-content\/uploads\/2020\/01\/AdobeStock_35397603-scaled.jpeg","type":"image\/jpeg"}],"twitter_card":"summary_large_image","schema":{"@context":"https:\/\/schema.org","@graph":[{"@type":"WebPage","@id":"https:\/\/mistercool.org\/index.php\/informatique-06\/","url":"https:\/\/mistercool.org\/index.php\/informatique-06\/","name":"Informatique - Climatisation et Froid 06","isPartOf":{"@id":"https:\/\/mistercool.org\/#website"},"primaryImageOfPage":{"@id":"https:\/\/mistercool.org\/index.php\/informatique-06\/#primaryimage"},"image":{"@id":"https:\/\/mistercool.org\/index.php\/informatique-06\/#primaryimage"},"thumbnailUrl":"https:\/\/mistercool.org\/wp-content\/uploads\/2020\/01\/AdobeStock_35397603-scaled.jpeg","datePublished":"2020-01-28T13:39:35+00:00","dateModified":"2020-01-28T15:07:48+00:00","breadcrumb":{"@id":"https:\/\/mistercool.org\/index.php\/informatique-06\/#breadcrumb"},"inLanguage":"fr-FR","potentialAction":[{"@type":"ReadAction","target":["https:\/\/mistercool.org\/index.php\/informatique-06\/"]}]},{"@type":"ImageObject","inLanguage":"fr-FR","@id":"https:\/\/mistercool.org\/index.php\/informatique-06\/#primaryimage","url":"https:\/\/mistercool.org\/wp-content\/uploads\/2020\/01\/AdobeStock_35397603-scaled.jpeg","contentUrl":"https:\/\/mistercool.org\/wp-content\/uploads\/2020\/01\/AdobeStock_35397603-scaled.jpeg","width":2560,"height":1023},{"@type":"BreadcrumbList","@id":"https:\/\/mistercool.org\/index.php\/informatique-06\/#breadcrumb","itemListElement":[{"@type":"ListItem","position":1,"name":"Accueil","item":"https:\/\/mistercool.org\/"},{"@type":"ListItem","position":2,"name":"Informatique"}]},{"@type":"WebSite","@id":"https:\/\/mistercool.org\/#website","url":"https:\/\/mistercool.org\/","name":"Mister Cool Climatisation et Froid 06","description":"Un climaticien cool","publisher":{"@id":"https:\/\/mistercool.org\/#organization"},"potentialAction":[{"@type":"SearchAction","target":{"@type":"EntryPoint","urlTemplate":"https:\/\/mistercool.org\/?s={search_term_string}"},"query-input":{"@type":"PropertyValueSpecification","valueRequired":true,"valueName":"search_term_string"}}],"inLanguage":"fr-FR"},{"@type":"Organization","@id":"https:\/\/mistercool.org\/#organization","name":"MISTER COOL","url":"https:\/\/mistercool.org\/","logo":{"@type":"ImageObject","inLanguage":"fr-FR","@id":"https:\/\/mistercool.org\/#\/schema\/logo\/image\/","url":"https:\/\/mistercool.org\/wp-content\/uploads\/2020\/01\/Logo-Mister-Cool_fond-transparent1.png","contentUrl":"https:\/\/mistercool.org\/wp-content\/uploads\/2020\/01\/Logo-Mister-Cool_fond-transparent1.png","width":1005,"height":651,"caption":"MISTER COOL"},"image":{"@id":"https:\/\/mistercool.org\/#\/schema\/logo\/image\/"}}]}},"_links":{"self":[{"href":"https:\/\/mistercool.org\/index.php\/wp-json\/wp\/v2\/pages\/61","targetHints":{"allow":["GET"]}}],"collection":[{"href":"https:\/\/mistercool.org\/index.php\/wp-json\/wp\/v2\/pages"}],"about":[{"href":"https:\/\/mistercool.org\/index.php\/wp-json\/wp\/v2\/types\/page"}],"author":[{"embeddable":true,"href":"https:\/\/mistercool.org\/index.php\/wp-json\/wp\/v2\/users\/1"}],"replies":[{"embeddable":true,"href":"https:\/\/mistercool.org\/index.php\/wp-json\/wp\/v2\/comments?post=61"}],"version-history":[{"count":5,"href":"https:\/\/mistercool.org\/index.php\/wp-json\/wp\/v2\/pages\/61\/revisions"}],"predecessor-version":[{"id":99,"href":"https:\/\/mistercool.org\/index.php\/wp-json\/wp\/v2\/pages\/61\/revisions\/99"}],"wp:featuredmedia":[{"embeddable":true,"href":"https:\/\/mistercool.org\/index.php\/wp-json\/wp\/v2\/media\/80"}],"wp:attachment":[{"href":"https:\/\/mistercool.org\/index.php\/wp-json\/wp\/v2\/media?parent=61"}],"curies":[{"name":"wp","href":"https:\/\/api.w.org\/{rel}","templated":true}]}}